{"id":26,"date":"2023-07-17T09:04:28","date_gmt":"2023-07-17T09:04:28","guid":{"rendered":"https:\/\/citizenserver.com\/?page_id=26"},"modified":"2023-08-26T06:19:48","modified_gmt":"2023-08-26T06:19:48","slug":"website_config","status":"publish","type":"page","link":"https:\/\/citizenserver.com\/?page_id=26","title":{"rendered":"Bearbeitung"},"content":{"rendered":"<style id=\"wpforms-css-vars-root\">\n\t\t\t\t:root {\n\t\t\t\t\t--wpforms-field-border-radius: 3px;\n--wpforms-field-border-style: solid;\n--wpforms-field-border-size: 1px;\n--wpforms-field-background-color: #ffffff;\n--wpforms-field-border-color: rgba( 0, 0, 0, 0.25 );\n--wpforms-field-border-color-spare: rgba( 0, 0, 0, 0.25 );\n--wpforms-field-text-color: rgba( 0, 0, 0, 0.7 );\n--wpforms-field-menu-color: #ffffff;\n--wpforms-label-color: rgba( 0, 0, 0, 0.85 );\n--wpforms-label-sublabel-color: rgba( 0, 0, 0, 0.55 );\n--wpforms-label-error-color: #d63637;\n--wpforms-button-border-radius: 3px;\n--wpforms-button-border-style: none;\n--wpforms-button-border-size: 1px;\n--wpforms-button-background-color: #066aab;\n--wpforms-button-border-color: #066aab;\n--wpforms-button-text-color: #ffffff;\n--wpforms-page-break-color: #066aab;\n--wpforms-background-image: none;\n--wpforms-background-position: center center;\n--wpforms-background-repeat: no-repeat;\n--wpforms-background-size: cover;\n--wpforms-background-width: 100px;\n--wpforms-background-height: 100px;\n--wpforms-background-color: rgba( 0, 0, 0, 0 );\n--wpforms-background-url: none;\n--wpforms-container-padding: 0px;\n--wpforms-container-border-style: none;\n--wpforms-container-border-width: 1px;\n--wpforms-container-border-color: #000000;\n--wpforms-container-border-radius: 3px;\n--wpforms-field-size-input-height: 43px;\n--wpforms-field-size-input-spacing: 15px;\n--wpforms-field-size-font-size: 16px;\n--wpforms-field-size-line-height: 19px;\n--wpforms-field-size-padding-h: 14px;\n--wpforms-field-size-checkbox-size: 16px;\n--wpforms-field-size-sublabel-spacing: 5px;\n--wpforms-field-size-icon-size: 1;\n--wpforms-label-size-font-size: 16px;\n--wpforms-label-size-line-height: 19px;\n--wpforms-label-size-sublabel-font-size: 14px;\n--wpforms-label-size-sublabel-line-height: 17px;\n--wpforms-button-size-font-size: 17px;\n--wpforms-button-size-height: 41px;\n--wpforms-button-size-padding-h: 15px;\n--wpforms-button-size-margin-top: 10px;\n--wpforms-container-shadow-size-box-shadow: none;\n\n\t\t\t\t}\n\t\t\t<\/style><div class=\"wpforms-container wpforms-container-full wpforms-stripe wpforms-block wpforms-block-521f7368-663f-4a96-bf33-e086f5e7f5e7 wpforms-render-modern\" id=\"wpforms-24\"><form id=\"wpforms-form-24\" class=\"wpforms-validate wpforms-form wpforms-ajax-form\" data-formid=\"24\" method=\"post\" enctype=\"multipart\/form-data\" action=\"\/index.php?rest_route=%2Fwp%2Fv2%2Fpages%2F26\" data-token=\"cbfa27cae26d098e9de8d6fc8d5da289\" data-token-time=\"1776356226\"><noscript class=\"wpforms-error-noscript\">Bitte aktiviere JavaScript in deinem Browser, um dieses Formular fertigzustellen.<\/noscript><div class=\"wpforms-hidden\" id=\"wpforms-error-noscript\">Bitte aktiviere JavaScript in deinem Browser, um dieses Formular fertigzustellen.<\/div><div class=\"wpforms-field-container\"><div id=\"wpforms-24-field_1-container\" class=\"wpforms-field wpforms-field-text\" data-field-id=\"1\"><label class=\"wpforms-field-label\" for=\"wpforms-24-field_1\">Wie soll der Titel deiner Website lauten?  <span class=\"wpforms-required-label\" aria-hidden=\"true\">*<\/span><\/label><input type=\"text\" id=\"wpforms-24-field_1\" class=\"wpforms-field-medium wpforms-field-required\" name=\"wpforms[fields][1]\" aria-errormessage=\"wpforms-24-field_1-error\" aria-describedby=\"wpforms-24-field_1-description\" required><div id=\"wpforms-24-field_1-description\" class=\"wpforms-field-description\">Lege zun\u00e4chst einen Titel f\u00fcr deine Website fest. Anhand des Titels k\u00f6nnen unsere Web-Designer bereits Schl\u00fcsse \u00fcber den Inhalt ziehen und sich so auf die weitere Bearbeitung vorbereiten. (In den n\u00e4chsten Schritten kannst du auch weitere Informationen angeben)<\/div><\/div><div id=\"wpforms-24-field_7-container\" class=\"wpforms-field wpforms-field-select wpforms-field-select-style-classic\" data-field-id=\"7\"><label class=\"wpforms-field-label\" for=\"wpforms-24-field_7\">W\u00e4hle deine prim\u00e4re Website-Farbe, die das Design dominieren soll. <span class=\"wpforms-required-label\" aria-hidden=\"true\">*<\/span><\/label><select id=\"wpforms-24-field_7\" class=\"wpforms-field-medium wpforms-field-required\" name=\"wpforms[fields][7]\" required=\"required\"><option value=\"Schwarz\" >Schwarz<\/option><option value=\"Wei\u00df\" >Wei\u00df<\/option><option value=\"Grau\" >Grau<\/option><option value=\"Braun\" >Braun<\/option><option value=\"Gelb\" >Gelb<\/option><option value=\"Orange\" >Orange<\/option><option value=\"Rot\" >Rot<\/option><option value=\"Lila\" >Lila<\/option><option value=\"Blau\" >Blau<\/option><option value=\"Gr\u00fcn\" >Gr\u00fcn<\/option><\/select><div id=\"wpforms-24-field_7-description\" class=\"wpforms-field-description\">W\u00e4hle eine Farbe, die das Design am meisten dominieren soll und somit den Gro\u00dfteil des Designs ausmachen wird. <\/div><\/div><div id=\"wpforms-24-field_6-container\" class=\"wpforms-field wpforms-field-number-slider\" data-field-id=\"6\"><label class=\"wpforms-field-label\" for=\"wpforms-24-field_6\">Hier kannst du die Priorit\u00e4t der prim\u00e4ren Website-Farbe selbst anpassen. <\/label>\n<input\n\ttype=\"range\"\n\tid=\"wpforms-24-field_6\" class=\"wpforms-field-medium\" name=\"wpforms[fields][6]\" value=\"0\" aria-errormessage=\"wpforms-24-field_6-error\" aria-describedby=\"wpforms-24-field_6-description\"\t\tmin=\"0\"\n\tmax=\"100\"\n\tstep=\"1\">\n\n<div class=\"wpforms-field-number-slider-hint\"\n\tdata-hint=\"Gew\u00e4hlter Wert: {value}\">\n\tGew\u00e4hlter Wert: <b>0<\/b><\/div>\n<div id=\"wpforms-24-field_6-description\" class=\"wpforms-field-description\">W\u00e4hle einen prozentualen Wert zwischen 0 und 100. Durch diese freiwillige Angabe kannst du selbst bestimmen, zu welchem Grad unsere Web-Designer diese Farbe bevorzugen sollen. (Sekund\u00e4re und Zusatz-Farbe kann ebenfalls auf diese Weise angegeben werden. )<\/div><\/div><div id=\"wpforms-24-field_8-container\" class=\"wpforms-field wpforms-field-select wpforms-field-select-style-classic\" data-field-id=\"8\"><label class=\"wpforms-field-label\" for=\"wpforms-24-field_8\">W\u00e4hle deine sekund\u00e4re Website-Farbe, die das Design kontrastieren soll. <span class=\"wpforms-required-label\" aria-hidden=\"true\">*<\/span><\/label><select id=\"wpforms-24-field_8\" class=\"wpforms-field-medium wpforms-field-required\" name=\"wpforms[fields][8]\" required=\"required\"><option value=\"Schwarz\" >Schwarz<\/option><option value=\"Wei\u00df\" >Wei\u00df<\/option><option value=\"Grau\" >Grau<\/option><option value=\"Braun\" >Braun<\/option><option value=\"Gelb\" >Gelb<\/option><option value=\"Orange\" >Orange<\/option><option value=\"Rot\" >Rot<\/option><option value=\"Lila\" >Lila<\/option><option value=\"Blau\" >Blau<\/option><option value=\"Gr\u00fcn\" >Gr\u00fcn<\/option><\/select><div id=\"wpforms-24-field_8-description\" class=\"wpforms-field-description\">W\u00e4hle eine Farbe, die das Design am meisten dominieren soll und somit den Gro\u00dfteil des Designs ausmachen wird. <\/div><\/div><div id=\"wpforms-24-field_9-container\" class=\"wpforms-field wpforms-field-number-slider\" data-field-id=\"9\"><label class=\"wpforms-field-label\" for=\"wpforms-24-field_9\">Hier kannst du die Priorit\u00e4t der sekund\u00e4ren Website-Farbe selbst anpassen.<\/label>\n<input\n\ttype=\"range\"\n\tid=\"wpforms-24-field_9\" class=\"wpforms-field-medium\" name=\"wpforms[fields][9]\" value=\"0\" aria-errormessage=\"wpforms-24-field_9-error\" aria-describedby=\"wpforms-24-field_9-description\"\t\tmin=\"0\"\n\tmax=\"100\"\n\tstep=\"1\">\n\n<div class=\"wpforms-field-number-slider-hint\"\n\tdata-hint=\"Gew\u00e4hlter Wert: {value}\">\n\tGew\u00e4hlter Wert: <b>0<\/b><\/div>\n<div id=\"wpforms-24-field_9-description\" class=\"wpforms-field-description\">W\u00e4hle einen prozentualen Wert zwischen 0 und 100. Durch diese freiwillige Angabe kannst du selbst bestimmen, zu welchem Grad unsere Web-Designer diese Farbe bevorzugen sollen. (Prim\u00e4re und Zusatz-Farbe kann ebenfalls auf diese Weise angegeben werden. )<\/div><\/div><div id=\"wpforms-24-field_2-container\" class=\"wpforms-field wpforms-field-textarea\" data-field-id=\"2\"><label class=\"wpforms-field-label\" for=\"wpforms-24-field_2\">Hier kannst du unseren Web-Designern mit eigenen Worten weitere Informationen zukommen lassen. <\/label><textarea id=\"wpforms-24-field_2\" class=\"wpforms-field-medium\" name=\"wpforms[fields][2]\" aria-errormessage=\"wpforms-24-field_2-error\" aria-describedby=\"wpforms-24-field_2-description\" ><\/textarea><div id=\"wpforms-24-field_2-description\" class=\"wpforms-field-description\">Um bestm\u00f6gliche Ergebnisse zu erzielen, hast du hier die M\u00f6glichkeit mit eigenen Worten Informationen \u00fcber deine Wunsch-Website anzugeben. Anhand dieser Informationen k\u00f6nnen unsere Web-Designer individueller arbeiten. <\/div><\/div><div id=\"wpforms-24-field_5-container\" class=\"wpforms-field wpforms-field-text\" data-field-id=\"5\"><label class=\"wpforms-field-label\" for=\"wpforms-24-field_5\">Bitte gebe einen Benutzernamen ein, mit dem du dich nach der Registrierung einloggen m\u00f6chtest.  <span class=\"wpforms-required-label\" aria-hidden=\"true\">*<\/span><\/label><input type=\"text\" id=\"wpforms-24-field_5\" class=\"wpforms-field-medium wpforms-field-required\" name=\"wpforms[fields][5]\" aria-errormessage=\"wpforms-24-field_5-error\" aria-describedby=\"wpforms-24-field_5-description\" required><div id=\"wpforms-24-field_5-description\" class=\"wpforms-field-description\">Diese Angabe ist erforderlich. Nach deiner abgeschlossenen Registrierung senden wir dir deine Anmeldedaten per E-Mail zu, mit denen du dich einloggen kannst. <\/div><\/div><div id=\"wpforms-24-field_3-container\" class=\"wpforms-field wpforms-field-email\" data-field-id=\"3\"><fieldset><legend class=\"wpforms-field-label\">Bitte gebe jetzt deine E-Mail-Adresse ein, um die Registrierung abzuschlie\u00dfen.  <span class=\"wpforms-required-label\" aria-hidden=\"true\">*<\/span><\/legend><div class=\"wpforms-field-row wpforms-field-medium\"><div class=\"wpforms-field-row-block wpforms-one-half wpforms-first\"><input type=\"email\" id=\"wpforms-24-field_3\" class=\"wpforms-field-required wpforms-field-email-primary\" name=\"wpforms[fields][3][primary]\" spellcheck=\"false\" aria-errormessage=\"wpforms-24-field_3-error\" aria-describedby=\"wpforms-24-field_3-description\" required><label for=\"wpforms-24-field_3\" class=\"wpforms-field-sublabel after\">E-Mail-Adresse<\/label><\/div><div class=\"wpforms-field-row-block wpforms-one-half\"><input type=\"email\" id=\"wpforms-24-field_3-secondary\" class=\"wpforms-field-email-secondary wpforms-field-required\" data-rule-confirm=\"#wpforms-24-field_3\" name=\"wpforms[fields][3][secondary]\" spellcheck=\"false\" aria-errormessage=\"wpforms-24-field_3-secondary-error\" aria-describedby=\"wpforms-24-field_3-description\" required><label for=\"wpforms-24-field_3-secondary\" class=\"wpforms-field-sublabel after\">E-Mail best\u00e4tigen<\/label><\/div><\/div><div id=\"wpforms-24-field_3-description\" class=\"wpforms-field-description\">Diese Angabe ist erforderlich, um die Registrierung abzuschlie\u00dfen. <\/div><\/fieldset><\/div><div id=\"wpforms-24-field_4-container\" class=\"wpforms-field wpforms-field-name\" data-field-id=\"4\"><fieldset><legend class=\"wpforms-field-label\">Wie ist dein Name?  <span class=\"wpforms-required-label\" aria-hidden=\"true\">*<\/span><\/legend><div class=\"wpforms-field-row wpforms-field-medium\"><div class=\"wpforms-field-row-block wpforms-first wpforms-one-half\"><input type=\"text\" id=\"wpforms-24-field_4\" class=\"wpforms-field-name-first wpforms-field-required\" name=\"wpforms[fields][4][first]\" aria-errormessage=\"wpforms-24-field_4-error\" aria-describedby=\"wpforms-24-field_4-description\" required><label for=\"wpforms-24-field_4\" class=\"wpforms-field-sublabel after\">Vorname<\/label><\/div><div class=\"wpforms-field-row-block wpforms-one-half\"><input type=\"text\" id=\"wpforms-24-field_4-last\" class=\"wpforms-field-name-last wpforms-field-required\" name=\"wpforms[fields][4][last]\" aria-errormessage=\"wpforms-24-field_4-last-error\" aria-describedby=\"wpforms-24-field_4-description\" required><label for=\"wpforms-24-field_4-last\" class=\"wpforms-field-sublabel after\">Nachname<\/label><\/div><\/div><div id=\"wpforms-24-field_4-description\" class=\"wpforms-field-description\">Diese Angabe ist erforderlich. Diese Angabe ist privat und wird nicht \u00f6ffentlich angezeigt. Aufgrund der rechtlichen Bestimmungen muss dein Name f\u00fcr die Registrierung angegeben werden. <\/div><\/fieldset><\/div><div id=\"wpforms-24-field_14-container\" class=\"wpforms-field wpforms-field-payment-checkbox\" data-field-id=\"14\"><fieldset><legend class=\"wpforms-field-label\">Mit welchen Diensten k\u00f6nnen wir dir behilflich sein? <span class=\"wpforms-required-label\" aria-hidden=\"true\">*<\/span><\/legend><ul id=\"wpforms-24-field_14\" class=\"wpforms-field-required\"><li class=\"choice-1\"><input type=\"checkbox\" id=\"wpforms-24-field_14_1\" class=\"wpforms-payment-price\" data-amount=\"14,99\" name=\"wpforms[fields][14][]\" value=\"1\" aria-errormessage=\"wpforms-24-field_14_1-error\" required ><label class=\"wpforms-field-label-inline\" for=\"wpforms-24-field_14_1\">Website Design durch unsere Webdesigner &#8211; 14,99 &euro;<\/label><\/li><li class=\"choice-2\"><input type=\"checkbox\" id=\"wpforms-24-field_14_2\" class=\"wpforms-payment-price\" data-amount=\"0,00\" name=\"wpforms[fields][14][]\" value=\"2\" aria-errormessage=\"wpforms-24-field_14_2-error\" required ><label class=\"wpforms-field-label-inline\" for=\"wpforms-24-field_14_2\">Kostenloses Hosting &#8211; 0,00 &euro;<\/label><\/li><li class=\"choice-4\"><input type=\"checkbox\" id=\"wpforms-24-field_14_4\" class=\"wpforms-payment-price\" data-amount=\"7,99\" name=\"wpforms[fields][14][]\" value=\"4\" aria-errormessage=\"wpforms-24-field_14_4-error\" required ><label class=\"wpforms-field-label-inline\" for=\"wpforms-24-field_14_4\">Premium Hosting PLUS &#8211; 7,99 &euro;<\/label><\/li><\/ul><\/fieldset><\/div><div id=\"wpforms-24-field_12-container\" class=\"wpforms-field wpforms-field-payment-total\" data-field-id=\"12\"><label class=\"wpforms-field-label\">Summe<\/label><div class=\"wpforms-payment-total\" style=\"\">0,00 &euro;<\/div><input type=\"hidden\" id=\"wpforms-24-field_12\" class=\"wpforms-payment-total\" name=\"wpforms[fields][12]\" value=\"0\"><\/div><div id=\"wpforms-24-field_11-container\" class=\"wpforms-field wpforms-field-stripe-credit-card\" data-field-id=\"11\"><label class=\"wpforms-field-label\">Stripe-Kreditkarte <span class=\"wpforms-required-label\" aria-hidden=\"true\">*<\/span><\/label><div class=\"wpforms-field-row wpforms-no-columns wpforms-field-medium \" data-sublabel-position=\"above\" data-link-email=\"\" data-required=\"1\"><div id=\"wpforms-field-stripe-link-element-24\"><\/div><div id=\"wpforms-field-stripe-payment-element-24\"><\/div><input type=\"text\" class=\"wpforms-stripe-credit-card-hidden-input\" name=\"wpforms[stripe-credit-card-hidden-input-24]\" disabled style=\"display: none;\"><\/div><\/div><\/div><!-- .wpforms-field-container --><div class=\"wpforms-submit-container\" ><input type=\"hidden\" name=\"wpforms[id]\" value=\"24\"><input type=\"hidden\" name=\"page_title\" value=\"\"><input type=\"hidden\" name=\"page_url\" value=\"https:\/\/citizenserver.com\/index.php?rest_route=%2Fwp%2Fv2%2Fpages%2F26\"><button type=\"submit\" name=\"wpforms[submit]\" id=\"wpforms-submit-24\" class=\"wpforms-submit\" data-alt-text=\"Senden\u2026\" data-submit-text=\"Absenden\" aria-live=\"assertive\" value=\"wpforms-submit\">Absenden<\/button><img loading=\"lazy\" decoding=\"async\" src=\"https:\/\/citizenserver.com\/wp-content\/plugins\/wpforms-lite\/assets\/images\/submit-spin.svg\" class=\"wpforms-submit-spinner\" style=\"display: none;\" width=\"26\" height=\"26\" alt=\"Wird geladen\"><\/div><\/form><\/div>  <!-- .wpforms-container -->","protected":false},"excerpt":{"rendered":"","protected":false},"author":1,"featured_media":0,"parent":12,"menu_order":0,"comment_status":"closed","ping_status":"closed","template":"","meta":{"footnotes":""},"class_list":["post-26","page","type-page","status-publish","hentry"],"_links":{"self":[{"href":"https:\/\/citizenserver.com\/index.php?rest_route=\/wp\/v2\/pages\/26","targetHints":{"allow":["GET"]}}],"collection":[{"href":"https:\/\/citizenserver.com\/index.php?rest_route=\/wp\/v2\/pages"}],"about":[{"href":"https:\/\/citizenserver.com\/index.php?rest_route=\/wp\/v2\/types\/page"}],"author":[{"embeddable":true,"href":"https:\/\/citizenserver.com\/index.php?rest_route=\/wp\/v2\/users\/1"}],"replies":[{"embeddable":true,"href":"https:\/\/citizenserver.com\/index.php?rest_route=%2Fwp%2Fv2%2Fcomments&post=26"}],"version-history":[{"count":3,"href":"https:\/\/citizenserver.com\/index.php?rest_route=\/wp\/v2\/pages\/26\/revisions"}],"predecessor-version":[{"id":29,"href":"https:\/\/citizenserver.com\/index.php?rest_route=\/wp\/v2\/pages\/26\/revisions\/29"}],"up":[{"embeddable":true,"href":"https:\/\/citizenserver.com\/index.php?rest_route=\/wp\/v2\/pages\/12"}],"wp:attachment":[{"href":"https:\/\/citizenserver.com\/index.php?rest_route=%2Fwp%2Fv2%2Fmedia&parent=26"}],"curies":[{"name":"wp","href":"https:\/\/api.w.org\/{rel}","templated":true}]}}