{"id":12,"date":"2022-05-14T10:47:09","date_gmt":"2022-05-14T10:47:09","guid":{"rendered":"https:\/\/citizenserver.com\/?page_id=12"},"modified":"2023-08-26T05:55:50","modified_gmt":"2023-08-26T05:55:50","slug":"website-konfigurator","status":"publish","type":"page","link":"https:\/\/citizenserver.com\/?page_id=12","title":{"rendered":"Website Konfigurator"},"content":{"rendered":"\n<p>Stelle mit Hilfe des Konfigurators deine Website ein und lass dir durch den im Interview-Stil gef\u00fchrten Men\u00fcs kinderleicht das passende Design ermitteln, das unsere Web-Designer dann speziell f\u00fcr dich anfertigen! <\/p>\n\n\n\n<div class=\"wp-block-buttons is-layout-flex wp-block-buttons-is-layout-flex\">\n<div class=\"wp-block-button\"><a class=\"wp-block-button__link wp-element-button\" href=\"https:\/\/citizenserver.com\/?page_id=26\">Bearbeitung starten<\/a><\/div>\n<\/div>\n\n\n\n<p><\/p>\n","protected":false},"excerpt":{"rendered":"<p>Stelle mit Hilfe des Konfigurators deine Website ein und lass dir durch den im Interview-Stil gef\u00fchrten Men\u00fcs kinderleicht das passende Design ermitteln, das unsere Web-Designer dann speziell f\u00fcr dich anfertigen!<\/p>\n","protected":false},"author":1,"featured_media":0,"parent":0,"menu_order":0,"comment_status":"closed","ping_status":"closed","template":"","meta":{"footnotes":""},"class_list":["post-12","page","type-page","status-publish","hentry"],"_links":{"self":[{"href":"https:\/\/citizenserver.com\/index.php?rest_route=\/wp\/v2\/pages\/12","targetHints":{"allow":["GET"]}}],"collection":[{"href":"https:\/\/citizenserver.com\/index.php?rest_route=\/wp\/v2\/pages"}],"about":[{"href":"https:\/\/citizenserver.com\/index.php?rest_route=\/wp\/v2\/types\/page"}],"author":[{"embeddable":true,"href":"https:\/\/citizenserver.com\/index.php?rest_route=\/wp\/v2\/users\/1"}],"replies":[{"embeddable":true,"href":"https:\/\/citizenserver.com\/index.php?rest_route=%2Fwp%2Fv2%2Fcomments&post=12"}],"version-history":[{"count":4,"href":"https:\/\/citizenserver.com\/index.php?rest_route=\/wp\/v2\/pages\/12\/revisions"}],"predecessor-version":[{"id":50,"href":"https:\/\/citizenserver.com\/index.php?rest_route=\/wp\/v2\/pages\/12\/revisions\/50"}],"wp:attachment":[{"href":"https:\/\/citizenserver.com\/index.php?rest_route=%2Fwp%2Fv2%2Fmedia&parent=12"}],"curies":[{"name":"wp","href":"https:\/\/api.w.org\/{rel}","templated":true}]}}